{"id":931,"date":"2026-01-20T09:23:42","date_gmt":"2026-01-20T08:23:42","guid":{"rendered":"https:\/\/segoviavisitaguiada.es\/petfriendly\/"},"modified":"2026-01-30T11:18:29","modified_gmt":"2026-01-30T10:18:29","slug":"petfriendly","status":"publish","type":"page","link":"https:\/\/segoviavisitaguiada.es\/en\/petfriendly\/","title":{"rendered":"Pet Friendly"},"content":{"rendered":"\t\t<div data-elementor-type=\"wp-page\" data-elementor-id=\"931\" class=\"elementor elementor-931\" data-elementor-post-type=\"page\">\n\t\t\t\t\t\t<section class=\"elementor-section elementor-top-section elementor-element elementor-element-4a2b78ab elementor-section-full_width elementor-section-height-default elementor-section-height-default\" data-id=\"4a2b78ab\" data-element_type=\"section\" data-settings=\"{&quot;background_background&quot;:&quot;classic&quot;}\">\n\t\t\t\t\t\t\t<div class=\"elementor-background-overlay\"><\/div>\n\t\t\t\t\t\t\t<div class=\"elementor-container elementor-column-gap-wider\">\n\t\t\t\t\t<div class=\"elementor-column elementor-col-100 elementor-top-column elementor-element elementor-element-3f2ceb01\" data-id=\"3f2ceb01\" data-element_type=\"column\" data-settings=\"{&quot;background_background&quot;:&quot;classic&quot;}\">\n\t\t\t<div class=\"elementor-widget-wrap elementor-element-populated\">\n\t\t\t\t\t\t<div class=\"elementor-element elementor-element-321b5af noseve elementor-widget elementor-widget-heading\" data-id=\"321b5af\" data-element_type=\"widget\" data-widget_type=\"heading.default\">\n\t\t\t\t<div class=\"elementor-widget-container\">\n\t\t\t\t\t<h1 class=\"elementor-heading-title elementor-size-default\">Tu gu\u00eda oficial en Segovia: descubre Castellum Tours<\/h1>\t\t\t\t<\/div>\n\t\t\t\t<\/div>\n\t\t\t\t<section class=\"elementor-section elementor-inner-section elementor-element elementor-element-4c5579df elementor-section-height-min-height elementor-section-boxed elementor-section-height-default\" data-id=\"4c5579df\" data-element_type=\"section\" data-settings=\"{&quot;background_background&quot;:&quot;classic&quot;}\">\n\t\t\t\t\t\t\t<div class=\"elementor-background-overlay\"><\/div>\n\t\t\t\t\t\t\t<div class=\"elementor-container elementor-column-gap-wider\">\n\t\t\t\t\t<div class=\"elementor-column elementor-col-100 elementor-inner-column elementor-element elementor-element-3b136961\" data-id=\"3b136961\" data-element_type=\"column\">\n\t\t\t<div class=\"elementor-widget-wrap elementor-element-populated\">\n\t\t\t\t\t\t<div class=\"elementor-element elementor-element-31344a8e elementor-widget__width-initial elementor-hidden-mobile elementor-widget-tablet__width-initial elementor-widget elementor-widget-text-editor\" data-id=\"31344a8e\" data-element_type=\"widget\" data-widget_type=\"text-editor.default\">\n\t\t\t\t<div class=\"elementor-widget-container\">\n\t\t\t\t\t\t\t\t\t<p>You don&#8217;t have to leave your pet behind<\/p>\t\t\t\t\t\t\t\t<\/div>\n\t\t\t\t<\/div>\n\t\t\t\t\t<\/div>\n\t\t<\/div>\n\t\t\t\t\t<\/div>\n\t\t<\/section>\n\t\t\t\t\t<\/div>\n\t\t<\/div>\n\t\t\t\t\t<\/div>\n\t\t<\/section>\n\t\t\t\t<section class=\"elementor-section elementor-top-section elementor-element elementor-element-4fde9596 elementor-section-boxed elementor-section-height-default elementor-section-height-default\" data-id=\"4fde9596\" data-element_type=\"section\">\n\t\t\t\t\t\t<div class=\"elementor-container elementor-column-gap-no\">\n\t\t\t\t\t<div class=\"elementor-column elementor-col-100 elementor-top-column elementor-element elementor-element-7fe93929\" data-id=\"7fe93929\" data-element_type=\"column\">\n\t\t\t<div class=\"elementor-widget-wrap elementor-element-populated\">\n\t\t\t\t\t\t<section class=\"elementor-section elementor-inner-section elementor-element elementor-element-14bb36c1 elementor-reverse-tablet elementor-section-boxed elementor-section-height-default elementor-section-height-default\" data-id=\"14bb36c1\" data-element_type=\"section\">\n\t\t\t\t\t\t<div class=\"elementor-container elementor-column-gap-wider\">\n\t\t\t\t\t<div class=\"elementor-column elementor-col-50 elementor-inner-column elementor-element elementor-element-7ae0ecc\" data-id=\"7ae0ecc\" data-element_type=\"column\">\n\t\t\t<div class=\"elementor-widget-wrap elementor-element-populated\">\n\t\t\t\t\t\t<div class=\"elementor-element elementor-element-4249293 elementor-widget elementor-widget-heading\" data-id=\"4249293\" data-element_type=\"widget\" data-widget_type=\"heading.default\">\n\t\t\t\t<div class=\"elementor-widget-container\">\n\t\t\t\t\t<h2 class=\"elementor-heading-title elementor-size-default\">We Are Pet-Friendly<\/h2>\t\t\t\t<\/div>\n\t\t\t\t<\/div>\n\t\t\t\t<div class=\"elementor-element elementor-element-302f22a elementor-widget elementor-widget-text-editor\" data-id=\"302f22a\" data-element_type=\"widget\" data-widget_type=\"text-editor.default\">\n\t\t\t\t<div class=\"elementor-widget-container\">\n\t\t\t\t\t\t\t\t\t<p>Discover Segovia without leaving your pet behind. Our pet-friendly guided tours are designed so you can enjoy the city accompanied by your dog, walking through its historic streets, viewpoints and open-air spaces with complete peace of mind.<\/p><p>We will stroll through the historic centre, see the most iconic monuments from the outside and explore charming hidden corners, always adapting the pace and route to ensure a comfortable experience for both people and pets. Segovia is an ideal city to explore on foot, and sharing the experience with your four-legged companion makes it even more special.<\/p>\t\t\t\t\t\t\t\t<\/div>\n\t\t\t\t<\/div>\n\t\t\t\t\t<\/div>\n\t\t<\/div>\n\t\t\t\t<div class=\"elementor-column elementor-col-50 elementor-inner-column elementor-element elementor-element-d2d266a\" data-id=\"d2d266a\" data-element_type=\"column\">\n\t\t\t<div class=\"elementor-widget-wrap elementor-element-populated\">\n\t\t\t\t\t\t<div class=\"elementor-element elementor-element-43f76e48 elementor-widget elementor-widget-image\" data-id=\"43f76e48\" data-element_type=\"widget\" data-widget_type=\"image.default\">\n\t\t\t\t<div class=\"elementor-widget-container\">\n\t\t\t\t\t\t\t\t\t\t\t\t\t\t\t<img fetchpriority=\"high\" decoding=\"async\" width=\"800\" height=\"534\" src=\"https:\/\/segoviavisitaguiada.es\/wp-content\/uploads\/2026\/01\/cute-puppy-in-the-city-square-2026-01-09-13-45-19-utc-1024x683.jpg\" class=\"attachment-large size-large wp-image-926\" alt=\"\" srcset=\"https:\/\/segoviavisitaguiada.es\/wp-content\/uploads\/2026\/01\/cute-puppy-in-the-city-square-2026-01-09-13-45-19-utc-1024x683.jpg 1024w, https:\/\/segoviavisitaguiada.es\/wp-content\/uploads\/2026\/01\/cute-puppy-in-the-city-square-2026-01-09-13-45-19-utc-300x200.jpg 300w, https:\/\/segoviavisitaguiada.es\/wp-content\/uploads\/2026\/01\/cute-puppy-in-the-city-square-2026-01-09-13-45-19-utc-768x512.jpg 768w, https:\/\/segoviavisitaguiada.es\/wp-content\/uploads\/2026\/01\/cute-puppy-in-the-city-square-2026-01-09-13-45-19-utc-1536x1024.jpg 1536w, https:\/\/segoviavisitaguiada.es\/wp-content\/uploads\/2026\/01\/cute-puppy-in-the-city-square-2026-01-09-13-45-19-utc-2048x1365.jpg 2048w\" sizes=\"(max-width: 800px) 100vw, 800px\" \/>\t\t\t\t\t\t\t\t\t\t\t\t\t\t\t<\/div>\n\t\t\t\t<\/div>\n\t\t\t\t\t<\/div>\n\t\t<\/div>\n\t\t\t\t\t<\/div>\n\t\t<\/section>\n\t\t\t\t\t<\/div>\n\t\t<\/div>\n\t\t\t\t\t<\/div>\n\t\t<\/section>\n\t\t\t\t<section class=\"elementor-section elementor-top-section elementor-element elementor-element-1058496 elementor-section-boxed elementor-section-height-default elementor-section-height-default\" data-id=\"1058496\" data-element_type=\"section\">\n\t\t\t\t\t\t<div class=\"elementor-container elementor-column-gap-wider\">\n\t\t\t\t\t<div class=\"elementor-column elementor-col-50 elementor-top-column elementor-element elementor-element-2b12d02\" data-id=\"2b12d02\" data-element_type=\"column\">\n\t\t\t<div class=\"elementor-widget-wrap elementor-element-populated\">\n\t\t\t\t\t\t<div class=\"elementor-element elementor-element-5bbfdec elementor-widget__width-initial elementor-widget elementor-widget-spacer\" data-id=\"5bbfdec\" data-element_type=\"widget\" data-widget_type=\"spacer.default\">\n\t\t\t\t<div class=\"elementor-widget-container\">\n\t\t\t\t\t\t\t<div class=\"elementor-spacer\">\n\t\t\t<div class=\"elementor-spacer-inner\"><\/div>\n\t\t<\/div>\n\t\t\t\t\t\t<\/div>\n\t\t\t\t<\/div>\n\t\t\t\t<div class=\"elementor-element elementor-element-ac510fb elementor-widget__width-initial elementor-widget elementor-widget-spacer\" data-id=\"ac510fb\" data-element_type=\"widget\" data-widget_type=\"spacer.default\">\n\t\t\t\t<div class=\"elementor-widget-container\">\n\t\t\t\t\t\t\t<div class=\"elementor-spacer\">\n\t\t\t<div class=\"elementor-spacer-inner\"><\/div>\n\t\t<\/div>\n\t\t\t\t\t\t<\/div>\n\t\t\t\t<\/div>\n\t\t\t\t\t<\/div>\n\t\t<\/div>\n\t\t\t\t<div class=\"elementor-column elementor-col-50 elementor-top-column elementor-element elementor-element-4ae3417\" data-id=\"4ae3417\" data-element_type=\"column\">\n\t\t\t<div class=\"elementor-widget-wrap elementor-element-populated\">\n\t\t\t\t\t\t<div class=\"elementor-element elementor-element-5d53e57 elementor-widget__width-initial elementor-widget elementor-widget-heading\" data-id=\"5d53e57\" data-element_type=\"widget\" data-widget_type=\"heading.default\">\n\t\t\t\t<div class=\"elementor-widget-container\">\n\t\t\t\t\t<h2 class=\"elementor-heading-title elementor-size-default\">A tour adapted to your pet<\/h2>\t\t\t\t<\/div>\n\t\t\t\t<\/div>\n\t\t\t\t<div class=\"elementor-element elementor-element-6a29d0f elementor-widget__width-initial elementor-widget elementor-widget-text-editor\" data-id=\"6a29d0f\" data-element_type=\"widget\" data-widget_type=\"text-editor.default\">\n\t\t\t\t<div class=\"elementor-widget-container\">\n\t\t\t\t\t\t\t\t\t<p>If you are travelling with your pet and don\u2019t want to miss out on discovering the city\u2019s history, culture and essence, these tours are perfect for you. We know how important it is to include our pets in every aspect of our lives, and holidays are no exception. Get in touch and we will design a tailor-made guided tour so that you and your pet feel truly welcome in Segovia. I will also be happy to share tips and information about pet-friendly places in the city, so you never have to be separated during your stay.<\/p>\t\t\t\t\t\t\t\t<\/div>\n\t\t\t\t<\/div>\n\t\t\t\t<div class=\"elementor-element elementor-element-a3cd392 elementor-widget__width-auto elementor-widget elementor-widget-button\" data-id=\"a3cd392\" data-element_type=\"widget\" data-widget_type=\"button.default\">\n\t\t\t\t<div class=\"elementor-widget-container\">\n\t\t\t\t\t\t\t\t\t<div class=\"elementor-button-wrapper\">\n\t\t\t\t\t<a class=\"elementor-button elementor-button-link elementor-size-sm\" href=\"https:\/\/segoviavisitaguiada.es\/tours-segovia\/visitas-guiadas-segovia\/\">\n\t\t\t\t\t\t<span class=\"elementor-button-content-wrapper\">\n\t\t\t\t\t\t\t\t\t<span class=\"elementor-button-text\">Reserva<\/span>\n\t\t\t\t\t<\/span>\n\t\t\t\t\t<\/a>\n\t\t\t\t<\/div>\n\t\t\t\t\t\t\t\t<\/div>\n\t\t\t\t<\/div>\n\t\t\t\t\t<\/div>\n\t\t<\/div>\n\t\t\t\t\t<\/div>\n\t\t<\/section>\n\t\t<div class=\"elementor-element elementor-element-47e6972 e-flex e-con-boxed e-con e-parent\" data-id=\"47e6972\" data-element_type=\"container\">\n\t\t\t\t\t<div class=\"e-con-inner\">\n\t\t<div class=\"elementor-element elementor-element-6644d41 e-con-full e-flex e-con e-child\" data-id=\"6644d41\" data-element_type=\"container\">\n\t\t<div class=\"elementor-element elementor-element-df4f3bf e-con-full e-flex e-con e-child\" data-id=\"df4f3bf\" data-element_type=\"container\" data-settings=\"{&quot;background_background&quot;:&quot;classic&quot;}\">\n\t\t<div class=\"elementor-element elementor-element-32e7ab1 e-con-full e-flex e-con e-child\" data-id=\"32e7ab1\" data-element_type=\"container\">\n\t\t\t\t<div class=\"elementor-element elementor-element-3fe4afa arreglar-fondo2 elementor-widget elementor-widget-heading\" data-id=\"3fe4afa\" data-element_type=\"widget\" data-widget_type=\"heading.default\">\n\t\t\t\t<div class=\"elementor-widget-container\">\n\t\t\t\t\t<h4 class=\"elementor-heading-title elementor-size-default\">Practical information:<\/h4>\t\t\t\t<\/div>\n\t\t\t\t<\/div>\n\t\t\t\t<div class=\"elementor-element elementor-element-a437495 elementor-widget-divider--view-line elementor-widget elementor-widget-divider\" data-id=\"a437495\" data-element_type=\"widget\" data-widget_type=\"divider.default\">\n\t\t\t\t<div class=\"elementor-widget-container\">\n\t\t\t\t\t\t\t<div class=\"elementor-divider\">\n\t\t\t<span class=\"elementor-divider-separator\">\n\t\t\t\t\t\t<\/span>\n\t\t<\/div>\n\t\t\t\t\t\t<\/div>\n\t\t\t\t<\/div>\n\t\t\t\t<div class=\"elementor-element elementor-element-2c68cd6 elementor-widget__width-initial elementor-widget-tablet__width-initial elementor-widget elementor-widget-text-editor\" data-id=\"2c68cd6\" data-element_type=\"widget\" data-widget_type=\"text-editor.default\">\n\t\t\t\t<div class=\"elementor-widget-container\">\n\t\t\t\t\t\t\t\t\t<p><span style=\"font-weight: 400;\">For everyone\u2019s comfort and safety, pets must be kept on a leash at all times during the tour. Pets are not allowed inside monuments, so all explanations will be given from the outside. Bringing water for your pet is recommended, especially during the warmer months.<\/span><\/p>\t\t\t\t\t\t\t\t<\/div>\n\t\t\t\t<\/div>\n\t\t\t\t<div class=\"elementor-element elementor-element-f5d172f elementor-widget-divider--view-line elementor-widget elementor-widget-divider\" data-id=\"f5d172f\" data-element_type=\"widget\" data-widget_type=\"divider.default\">\n\t\t\t\t<div class=\"elementor-widget-container\">\n\t\t\t\t\t\t\t<div class=\"elementor-divider\">\n\t\t\t<span class=\"elementor-divider-separator\">\n\t\t\t\t\t\t<\/span>\n\t\t<\/div>\n\t\t\t\t\t\t<\/div>\n\t\t\t\t<\/div>\n\t\t\t\t<\/div>\n\t\t\t\t<div class=\"elementor-element elementor-element-afe934e elementor-widget__width-initial elementor-widget elementor-widget-spacer\" data-id=\"afe934e\" data-element_type=\"widget\" data-widget_type=\"spacer.default\">\n\t\t\t\t<div class=\"elementor-widget-container\">\n\t\t\t\t\t\t\t<div class=\"elementor-spacer\">\n\t\t\t<div class=\"elementor-spacer-inner\"><\/div>\n\t\t<\/div>\n\t\t\t\t\t\t<\/div>\n\t\t\t\t<\/div>\n\t\t\t\t<\/div>\n\t\t\t\t<\/div>\n\t\t\t\t\t<\/div>\n\t\t\t\t<\/div>\n\t\t\t\t<\/div>\n\t\t","protected":false},"excerpt":{"rendered":"<p>Tu gu\u00eda oficial en Segovia: descubre Castellum Tours You don&#8217;t have to leave your pet behind We Are Pet-Friendly Discover Segovia without leaving your pet behind. Our pet-friendly guided tours are designed so you can enjoy the city accompanied by your dog, walking through its historic streets, viewpoints and open-air spaces with complete peace of [&hellip;]<\/p>\n","protected":false},"author":1,"featured_media":921,"parent":0,"menu_order":2,"comment_status":"closed","ping_status":"closed","template":"","meta":{"footnotes":""},"class_list":["post-931","page","type-page","status-publish","has-post-thumbnail","hentry"],"yoast_head":"<!-- This site is optimized with the Yoast SEO plugin v24.4 - https:\/\/yoast.com\/wordpress\/plugins\/seo\/ -->\n<title>Gu\u00eda en Segovia - Castellum Tours<\/title>\n<meta name=\"description\" content=\"Soy gu\u00eda oficial en Segovia. Te acompa\u00f1o en rutas con historia, an\u00e9cdotas y pasi\u00f3n por mi ciudad.\" \/>\n<meta name=\"robots\" content=\"index, follow, max-snippet:-1, max-image-preview:large, max-video-preview:-1\" \/>\n<link rel=\"canonical\" href=\"https:\/\/segoviavisitaguiada.es\/en\/petfriendly\/\" \/>\n<meta property=\"og:locale\" content=\"en_US\" \/>\n<meta property=\"og:type\" content=\"article\" \/>\n<meta property=\"og:title\" content=\"Gu\u00eda en Segovia - Castellum Tours\" \/>\n<meta property=\"og:description\" content=\"Soy gu\u00eda oficial en Segovia. Te acompa\u00f1o en rutas con historia, an\u00e9cdotas y pasi\u00f3n por mi ciudad.\" \/>\n<meta property=\"og:url\" content=\"https:\/\/segoviavisitaguiada.es\/en\/petfriendly\/\" \/>\n<meta property=\"og:site_name\" content=\"Visitas guiadas Segovia Castellum\" \/>\n<meta property=\"article:modified_time\" content=\"2026-01-30T10:18:29+00:00\" \/>\n<meta property=\"og:image\" content=\"https:\/\/segoviavisitaguiada.es\/wp-content\/uploads\/2026\/01\/several-welsh-corgis-walk-with-their-owners-on-a-r-2026-01-08-22-18-23-utc-scaled.jpg\" \/>\n\t<meta property=\"og:image:width\" content=\"2560\" \/>\n\t<meta property=\"og:image:height\" content=\"1703\" \/>\n\t<meta property=\"og:image:type\" content=\"image\/jpeg\" \/>\n<meta name=\"twitter:card\" content=\"summary_large_image\" \/>\n<meta name=\"twitter:label1\" content=\"Est. reading time\" \/>\n\t<meta name=\"twitter:data1\" content=\"2 minutes\" \/>\n<script type=\"application\/ld+json\" class=\"yoast-schema-graph\">{\"@context\":\"https:\/\/schema.org\",\"@graph\":[{\"@type\":\"WebPage\",\"@id\":\"https:\/\/segoviavisitaguiada.es\/en\/petfriendly\/\",\"url\":\"https:\/\/segoviavisitaguiada.es\/en\/petfriendly\/\",\"name\":\"Gu\u00eda en Segovia - Castellum Tours\",\"isPartOf\":{\"@id\":\"https:\/\/segoviavisitaguiada.es\/#website\"},\"primaryImageOfPage\":{\"@id\":\"https:\/\/segoviavisitaguiada.es\/en\/petfriendly\/#primaryimage\"},\"image\":{\"@id\":\"https:\/\/segoviavisitaguiada.es\/en\/petfriendly\/#primaryimage\"},\"thumbnailUrl\":\"https:\/\/segoviavisitaguiada.es\/wp-content\/uploads\/2026\/01\/several-welsh-corgis-walk-with-their-owners-on-a-r-2026-01-08-22-18-23-utc-scaled.jpg\",\"datePublished\":\"2026-01-20T08:23:42+00:00\",\"dateModified\":\"2026-01-30T10:18:29+00:00\",\"description\":\"Soy gu\u00eda oficial en Segovia. Te acompa\u00f1o en rutas con historia, an\u00e9cdotas y pasi\u00f3n por mi ciudad.\",\"breadcrumb\":{\"@id\":\"https:\/\/segoviavisitaguiada.es\/en\/petfriendly\/#breadcrumb\"},\"inLanguage\":\"en-US\",\"potentialAction\":[{\"@type\":\"ReadAction\",\"target\":[\"https:\/\/segoviavisitaguiada.es\/en\/petfriendly\/\"]}]},{\"@type\":\"ImageObject\",\"inLanguage\":\"en-US\",\"@id\":\"https:\/\/segoviavisitaguiada.es\/en\/petfriendly\/#primaryimage\",\"url\":\"https:\/\/segoviavisitaguiada.es\/wp-content\/uploads\/2026\/01\/several-welsh-corgis-walk-with-their-owners-on-a-r-2026-01-08-22-18-23-utc-scaled.jpg\",\"contentUrl\":\"https:\/\/segoviavisitaguiada.es\/wp-content\/uploads\/2026\/01\/several-welsh-corgis-walk-with-their-owners-on-a-r-2026-01-08-22-18-23-utc-scaled.jpg\",\"width\":2560,\"height\":1703,\"caption\":\"Several Welsh corgis walk with their owners on a leash on a rainy autumn day\"},{\"@type\":\"BreadcrumbList\",\"@id\":\"https:\/\/segoviavisitaguiada.es\/en\/petfriendly\/#breadcrumb\",\"itemListElement\":[{\"@type\":\"ListItem\",\"position\":1,\"name\":\"Portada\",\"item\":\"https:\/\/segoviavisitaguiada.es\/\"},{\"@type\":\"ListItem\",\"position\":2,\"name\":\"Pet Friendly\"}]},{\"@type\":\"WebSite\",\"@id\":\"https:\/\/segoviavisitaguiada.es\/#website\",\"url\":\"https:\/\/segoviavisitaguiada.es\/\",\"name\":\"Visitas guiadas Segovia Castellum\",\"description\":\"\",\"publisher\":{\"@id\":\"https:\/\/segoviavisitaguiada.es\/#organization\"},\"potentialAction\":[{\"@type\":\"SearchAction\",\"target\":{\"@type\":\"EntryPoint\",\"urlTemplate\":\"https:\/\/segoviavisitaguiada.es\/?s={search_term_string}\"},\"query-input\":{\"@type\":\"PropertyValueSpecification\",\"valueRequired\":true,\"valueName\":\"search_term_string\"}}],\"inLanguage\":\"en-US\"},{\"@type\":\"Organization\",\"@id\":\"https:\/\/segoviavisitaguiada.es\/#organization\",\"name\":\"Visitas guiadas Segovia Castellum\",\"url\":\"https:\/\/segoviavisitaguiada.es\/\",\"logo\":{\"@type\":\"ImageObject\",\"inLanguage\":\"en-US\",\"@id\":\"https:\/\/segoviavisitaguiada.es\/#\/schema\/logo\/image\/\",\"url\":\"https:\/\/segoviavisitaguiada.es\/wp-content\/uploads\/2025\/04\/Castellum_re.png\",\"contentUrl\":\"https:\/\/segoviavisitaguiada.es\/wp-content\/uploads\/2025\/04\/Castellum_re.png\",\"width\":2048,\"height\":2048,\"caption\":\"Visitas guiadas Segovia Castellum\"},\"image\":{\"@id\":\"https:\/\/segoviavisitaguiada.es\/#\/schema\/logo\/image\/\"}}]}<\/script>\n<!-- \/ Yoast SEO plugin. -->","yoast_head_json":{"title":"Gu\u00eda en Segovia - Castellum Tours","description":"Soy gu\u00eda oficial en Segovia. Te acompa\u00f1o en rutas con historia, an\u00e9cdotas y pasi\u00f3n por mi ciudad.","robots":{"index":"index","follow":"follow","max-snippet":"max-snippet:-1","max-image-preview":"max-image-preview:large","max-video-preview":"max-video-preview:-1"},"canonical":"https:\/\/segoviavisitaguiada.es\/en\/petfriendly\/","og_locale":"en_US","og_type":"article","og_title":"Gu\u00eda en Segovia - Castellum Tours","og_description":"Soy gu\u00eda oficial en Segovia. Te acompa\u00f1o en rutas con historia, an\u00e9cdotas y pasi\u00f3n por mi ciudad.","og_url":"https:\/\/segoviavisitaguiada.es\/en\/petfriendly\/","og_site_name":"Visitas guiadas Segovia Castellum","article_modified_time":"2026-01-30T10:18:29+00:00","og_image":[{"width":2560,"height":1703,"url":"https:\/\/segoviavisitaguiada.es\/wp-content\/uploads\/2026\/01\/several-welsh-corgis-walk-with-their-owners-on-a-r-2026-01-08-22-18-23-utc-scaled.jpg","type":"image\/jpeg"}],"twitter_card":"summary_large_image","twitter_misc":{"Est. reading time":"2 minutes"},"schema":{"@context":"https:\/\/schema.org","@graph":[{"@type":"WebPage","@id":"https:\/\/segoviavisitaguiada.es\/en\/petfriendly\/","url":"https:\/\/segoviavisitaguiada.es\/en\/petfriendly\/","name":"Gu\u00eda en Segovia - Castellum Tours","isPartOf":{"@id":"https:\/\/segoviavisitaguiada.es\/#website"},"primaryImageOfPage":{"@id":"https:\/\/segoviavisitaguiada.es\/en\/petfriendly\/#primaryimage"},"image":{"@id":"https:\/\/segoviavisitaguiada.es\/en\/petfriendly\/#primaryimage"},"thumbnailUrl":"https:\/\/segoviavisitaguiada.es\/wp-content\/uploads\/2026\/01\/several-welsh-corgis-walk-with-their-owners-on-a-r-2026-01-08-22-18-23-utc-scaled.jpg","datePublished":"2026-01-20T08:23:42+00:00","dateModified":"2026-01-30T10:18:29+00:00","description":"Soy gu\u00eda oficial en Segovia. Te acompa\u00f1o en rutas con historia, an\u00e9cdotas y pasi\u00f3n por mi ciudad.","breadcrumb":{"@id":"https:\/\/segoviavisitaguiada.es\/en\/petfriendly\/#breadcrumb"},"inLanguage":"en-US","potentialAction":[{"@type":"ReadAction","target":["https:\/\/segoviavisitaguiada.es\/en\/petfriendly\/"]}]},{"@type":"ImageObject","inLanguage":"en-US","@id":"https:\/\/segoviavisitaguiada.es\/en\/petfriendly\/#primaryimage","url":"https:\/\/segoviavisitaguiada.es\/wp-content\/uploads\/2026\/01\/several-welsh-corgis-walk-with-their-owners-on-a-r-2026-01-08-22-18-23-utc-scaled.jpg","contentUrl":"https:\/\/segoviavisitaguiada.es\/wp-content\/uploads\/2026\/01\/several-welsh-corgis-walk-with-their-owners-on-a-r-2026-01-08-22-18-23-utc-scaled.jpg","width":2560,"height":1703,"caption":"Several Welsh corgis walk with their owners on a leash on a rainy autumn day"},{"@type":"BreadcrumbList","@id":"https:\/\/segoviavisitaguiada.es\/en\/petfriendly\/#breadcrumb","itemListElement":[{"@type":"ListItem","position":1,"name":"Portada","item":"https:\/\/segoviavisitaguiada.es\/"},{"@type":"ListItem","position":2,"name":"Pet Friendly"}]},{"@type":"WebSite","@id":"https:\/\/segoviavisitaguiada.es\/#website","url":"https:\/\/segoviavisitaguiada.es\/","name":"Visitas guiadas Segovia Castellum","description":"","publisher":{"@id":"https:\/\/segoviavisitaguiada.es\/#organization"},"potentialAction":[{"@type":"SearchAction","target":{"@type":"EntryPoint","urlTemplate":"https:\/\/segoviavisitaguiada.es\/?s={search_term_string}"},"query-input":{"@type":"PropertyValueSpecification","valueRequired":true,"valueName":"search_term_string"}}],"inLanguage":"en-US"},{"@type":"Organization","@id":"https:\/\/segoviavisitaguiada.es\/#organization","name":"Visitas guiadas Segovia Castellum","url":"https:\/\/segoviavisitaguiada.es\/","logo":{"@type":"ImageObject","inLanguage":"en-US","@id":"https:\/\/segoviavisitaguiada.es\/#\/schema\/logo\/image\/","url":"https:\/\/segoviavisitaguiada.es\/wp-content\/uploads\/2025\/04\/Castellum_re.png","contentUrl":"https:\/\/segoviavisitaguiada.es\/wp-content\/uploads\/2025\/04\/Castellum_re.png","width":2048,"height":2048,"caption":"Visitas guiadas Segovia Castellum"},"image":{"@id":"https:\/\/segoviavisitaguiada.es\/#\/schema\/logo\/image\/"}}]}},"_links":{"self":[{"href":"https:\/\/segoviavisitaguiada.es\/en\/wp-json\/wp\/v2\/pages\/931","targetHints":{"allow":["GET"]}}],"collection":[{"href":"https:\/\/segoviavisitaguiada.es\/en\/wp-json\/wp\/v2\/pages"}],"about":[{"href":"https:\/\/segoviavisitaguiada.es\/en\/wp-json\/wp\/v2\/types\/page"}],"author":[{"embeddable":true,"href":"https:\/\/segoviavisitaguiada.es\/en\/wp-json\/wp\/v2\/users\/1"}],"replies":[{"embeddable":true,"href":"https:\/\/segoviavisitaguiada.es\/en\/wp-json\/wp\/v2\/comments?post=931"}],"version-history":[{"count":25,"href":"https:\/\/segoviavisitaguiada.es\/en\/wp-json\/wp\/v2\/pages\/931\/revisions"}],"predecessor-version":[{"id":1262,"href":"https:\/\/segoviavisitaguiada.es\/en\/wp-json\/wp\/v2\/pages\/931\/revisions\/1262"}],"wp:featuredmedia":[{"embeddable":true,"href":"https:\/\/segoviavisitaguiada.es\/en\/wp-json\/wp\/v2\/media\/921"}],"wp:attachment":[{"href":"https:\/\/segoviavisitaguiada.es\/en\/wp-json\/wp\/v2\/media?parent=931"}],"curies":[{"name":"wp","href":"https:\/\/api.w.org\/{rel}","templated":true}]}}